{"id":1600,"date":"2023-09-02T15:44:11","date_gmt":"2023-09-02T13:44:11","guid":{"rendered":"http:\/\/theatredescinqjardins.fr\/?page_id=1600"},"modified":"2023-11-13T11:42:42","modified_gmt":"2023-11-13T10:42:42","slug":"saida-et-les-voleurs-de-soleil","status":"publish","type":"page","link":"https:\/\/theatredescinqjardins.fr\/index.php\/saida-et-les-voleurs-de-soleil\/","title":{"rendered":".Sa\u00efda et les voleurs de soleil"},"content":{"rendered":"\t\t<div data-elementor-type=\"wp-page\" data-elementor-id=\"1600\" class=\"elementor elementor-1600\">\n\t\t\t\t\t\t\t\t\t<section class=\"elementor-section elementor-top-section elementor-element elementor-element-4966e86 elementor-section-height-full elementor-section-items-stretch elementor-section-boxed elementor-section-height-default\" data-id=\"4966e86\" data-element_type=\"section\">\n\t\t\t\t\t\t<div class=\"elementor-container elementor-column-gap-default\">\n\t\t\t\t\t<div class=\"elementor-column elementor-col-50 elementor-top-column elementor-element elementor-element-6df2d901 elementor-invisible\" data-id=\"6df2d901\" data-element_type=\"column\" data-settings=\"{&quot;background_background&quot;:&quot;classic&quot;,&quot;animation&quot;:&quot;fadeInLeft&quot;}\">\n\t\t\t<div class=\"elementor-widget-wrap elementor-element-populated\">\n\t\t\t\t\t\t\t\t<div class=\"elementor-element elementor-element-369074a1 elementor-widget elementor-widget-image\" data-id=\"369074a1\" data-element_type=\"widget\" data-widget_type=\"image.default\">\n\t\t\t\t<div class=\"elementor-widget-container\">\n\t\t\t<style>\/*! elementor - v3.15.0 - 20-08-2023 *\/\n.elementor-widget-image{text-align:center}.elementor-widget-image a{display:inline-block}.elementor-widget-image a img[src$=\".svg\"]{width:48px}.elementor-widget-image img{vertical-align:middle;display:inline-block}<\/style>\t\t\t\t\t\t\t\t\t\t\t\t\t<a href=\"https:\/\/theatredescinqjardins.fr\/wp-content\/uploads\/2022\/11\/AFFICHE-SAiDA-nouvelle-version-scaled.jpg\" data-elementor-open-lightbox=\"yes\" data-elementor-lightbox-title=\"Sa\u00efda et les voleurs de soleil\" data-elementor-lightbox-description=\"Sa\u00efda et les voleurs de soleil\" data-e-action-hash=\"#elementor-action%3Aaction%3Dlightbox%26settings%3DeyJpZCI6OTUzLCJ1cmwiOiJodHRwczpcL1wvdGhlYXRyZWRlc2NpbnFqYXJkaW5zLmZyXC93cC1jb250ZW50XC91cGxvYWRzXC8yMDIyXC8xMVwvQUZGSUNIRS1TQWlEQS1ub3V2ZWxsZS12ZXJzaW9uLXNjYWxlZC5qcGcifQ%3D%3D\">\n\t\t\t\t\t\t\t<img loading=\"lazy\" decoding=\"async\" width=\"640\" height=\"900\" src=\"https:\/\/theatredescinqjardins.fr\/wp-content\/uploads\/2022\/11\/AFFICHE-SAiDA-nouvelle-version-728x1024.jpg\" class=\"attachment-large size-large wp-image-953\" alt=\"Sa\u00efda et les voleurs de soleil\" srcset=\"https:\/\/theatredescinqjardins.fr\/wp-content\/uploads\/2022\/11\/AFFICHE-SAiDA-nouvelle-version-728x1024.jpg 728w, https:\/\/theatredescinqjardins.fr\/wp-content\/uploads\/2022\/11\/AFFICHE-SAiDA-nouvelle-version-213x300.jpg 213w, https:\/\/theatredescinqjardins.fr\/wp-content\/uploads\/2022\/11\/AFFICHE-SAiDA-nouvelle-version-768x1080.jpg 768w, https:\/\/theatredescinqjardins.fr\/wp-content\/uploads\/2022\/11\/AFFICHE-SAiDA-nouvelle-version-1093x1536.jpg 1093w, https:\/\/theatredescinqjardins.fr\/wp-content\/uploads\/2022\/11\/AFFICHE-SAiDA-nouvelle-version-1457x2048.jpg 1457w, https:\/\/theatredescinqjardins.fr\/wp-content\/uploads\/2022\/11\/AFFICHE-SAiDA-nouvelle-version-scaled.jpg 1821w\" sizes=\"auto, (max-width: 640px) 100vw, 640px\" \/>\t\t\t\t\t\t\t\t<\/a>\n\t\t\t\t\t\t\t\t\t\t\t\t\t\t\t<\/div>\n\t\t\t\t<\/div>\n\t\t\t\t\t<\/div>\n\t\t<\/div>\n\t\t\t\t<div class=\"elementor-column elementor-col-50 elementor-top-column elementor-element elementor-element-51591bcd elementor-invisible\" data-id=\"51591bcd\" data-element_type=\"column\" data-settings=\"{&quot;animation&quot;:&quot;fadeInRight&quot;}\">\n\t\t\t<div class=\"elementor-widget-wrap elementor-element-populated\">\n\t\t\t\t\t\t\t\t<div class=\"elementor-element elementor-element-36c0514 elementor-widget elementor-widget-heading\" data-id=\"36c0514\" data-element_type=\"widget\" data-widget_type=\"heading.default\">\n\t\t\t\t<div class=\"elementor-widget-container\">\n\t\t\t<style>\/*! elementor - v3.15.0 - 20-08-2023 *\/\n.elementor-heading-title{padding:0;margin:0;line-height:1}.elementor-widget-heading .elementor-heading-title[class*=elementor-size-]>a{color:inherit;font-size:inherit;line-height:inherit}.elementor-widget-heading .elementor-heading-title.elementor-size-small{font-size:15px}.elementor-widget-heading .elementor-heading-title.elementor-size-medium{font-size:19px}.elementor-widget-heading .elementor-heading-title.elementor-size-large{font-size:29px}.elementor-widget-heading .elementor-heading-title.elementor-size-xl{font-size:39px}.elementor-widget-heading .elementor-heading-title.elementor-size-xxl{font-size:59px}<\/style><h2 class=\"elementor-heading-title elementor-size-default\">SA\u00cfDA ET LES VOLEURS DE SOLEIL<\/h2>\t\t<\/div>\n\t\t\t\t<\/div>\n\t\t\t\t<div class=\"elementor-element elementor-element-7e40fd7a elementor-widget elementor-widget-text-editor\" data-id=\"7e40fd7a\" data-element_type=\"widget\" data-widget_type=\"text-editor.default\">\n\t\t\t\t<div class=\"elementor-widget-container\">\n\t\t\t<style>\/*! elementor - v3.15.0 - 20-08-2023 *\/\n.elementor-widget-text-editor.elementor-drop-cap-view-stacked .elementor-drop-cap{background-color:#69727d;color:#fff}.elementor-widget-text-editor.elementor-drop-cap-view-framed .elementor-drop-cap{color:#69727d;border:3px solid;background-color:transparent}.elementor-widget-text-editor:not(.elementor-drop-cap-view-default) .elementor-drop-cap{margin-top:8px}.elementor-widget-text-editor:not(.elementor-drop-cap-view-default) .elementor-drop-cap-letter{width:1em;height:1em}.elementor-widget-text-editor .elementor-drop-cap{float:left;text-align:center;line-height:1;font-size:50px}.elementor-widget-text-editor .elementor-drop-cap-letter{display:inline-block}<\/style>\t\t\t\t<p>\u00ab\u00a0Il \u00e9tait une fois, dans un pays du bord de la mer des T\u00e9n\u00e8bres, une petite fille appel\u00e9e Sa\u00efda. Elle n\u2019\u00e9tait ni plus jolie, ni plus maligne, ni plus courageuse que les autres petites filles de son \u00e2ge. Elle n\u2019avait de particulier qu\u2019une seule chose\u00a0: elle aimait beaucoup le Soleil de son pays\u2026\u00a0\u00bbLe pays de Sa\u00efda est pauvre. La s\u00e8cheresse s\u00e9vit. Le Gouverneur fait venir un Grand Magicien \u00e9tranger. On va exploiter la seule richesse du pays. On va pomper le soleil et le vendre \u00e0 ceux qui en manquent. Et Sa\u00efda va d\u00e9p\u00e9rir. Sa\u00efda va mourir. Le sacrifice de Sa\u00efda stoppera la machine \u00e0 pomper le Soleil. Et les enfants du pays r\u00e9unis au bord de la mer, d\u00e9couvriront dans le ciel au coucher du Soleil, non pas un Soleil comme d\u2019habitude mais deux\u00a0: le Soleil de tous les jours et \u00e0 c\u00f4t\u00e9 de lui, le touchant presque, un tout petit Soleil. Le petit Soleil s\u2019approchant du grand pour se fondre en lui\u2026<\/p><p><strong>\u00ab\u00a0Sa\u00efda est les Voleurs de Soleil\u00a0\u00bb<\/strong> est un conte contemporain fort, po\u00e9tique et d\u2019une grande actualit\u00e9. Il nous semble important de partager et de d\u00e9fendre cette belle \u00e9criture d\u2019Abdellatif La\u00e2bi et le message port\u00e9 par ce texte avec le jeune public.<\/p>\t\t\t\t\t\t<\/div>\n\t\t\t\t<\/div>\n\t\t\t\t<div class=\"elementor-element elementor-element-68c3833f elementor-align-center elementor-widget elementor-widget-button\" data-id=\"68c3833f\" data-element_type=\"widget\" data-widget_type=\"button.default\">\n\t\t\t\t<div class=\"elementor-widget-container\">\n\t\t\t\t\t<div class=\"elementor-button-wrapper\">\n\t\t\t<a class=\"elementor-button elementor-button-link elementor-size-lg elementor-animation-grow\" href=\"https:\/\/theatredescinqjardins.fr\/index.php\/contact\/\">\n\t\t\t\t\t\t<span class=\"elementor-button-content-wrapper\">\n\t\t\t\t\t\t<span class=\"elementor-button-text\">Contact<\/span>\n\t\t<\/span>\n\t\t\t\t\t<\/a>\n\t\t<\/div>\n\t\t\t\t<\/div>\n\t\t\t\t<\/div>\n\t\t\t\t\t<\/div>\n\t\t<\/div>\n\t\t\t\t\t\t\t<\/div>\n\t\t<\/section>\n\t\t\t\t<section class=\"elementor-section elementor-top-section elementor-element elementor-element-3238a181 elementor-section-boxed elementor-section-height-default elementor-section-height-default elementor-invisible\" data-id=\"3238a181\" data-element_type=\"section\" data-settings=\"{&quot;animation&quot;:&quot;fadeInUp&quot;}\">\n\t\t\t\t\t\t<div class=\"elementor-container elementor-column-gap-default\">\n\t\t\t\t\t<div class=\"elementor-column elementor-col-100 elementor-top-column elementor-element elementor-element-6d8c9e15\" data-id=\"6d8c9e15\" data-element_type=\"column\">\n\t\t\t<div class=\"elementor-widget-wrap elementor-element-populated\">\n\t\t\t\t\t\t\t\t<div class=\"elementor-element elementor-element-8db4fdf elementor-widget elementor-widget-text-editor\" data-id=\"8db4fdf\" data-element_type=\"widget\" data-widget_type=\"text-editor.default\">\n\t\t\t\t<div class=\"elementor-widget-container\">\n\t\t\t\t\t\t\t<p>Abdellatif La\u00e0bi est n\u00e9 en 1942, \u00e0 F\u00e8s. Il fonde en 1966 la revue <em>Souffles<\/em> qui jouera un r\u00f4le d\u00e9terminant dans le renouvellement litt\u00e9raire et culturel au Maghreb. Son opposition intellectuelle au r\u00e9gime lui vaut d\u2019\u00eatre emprisonn\u00e9 pendant huit ans. Lib\u00e9r\u00e9 en 1980, il s\u2019exile en France en 1985. Depuis, il vit (le Maroc au c\u0153ur) en banlieue parisienne. Son v\u00e9cu est la source premi\u00e8re d\u2019une \u0153uvre plurielle (po\u00e9sie, roman, th\u00e9\u00e2tre, essai) sise au confluent des cultures, ancr\u00e9e dans un humanisme de combat, p\u00e9trie d\u2019humour et de tendresse. Par ailleurs, il a traduit en fran\u00e7ais nombre d\u2019auteurs arabes contemporains dont le po\u00e8te palestinien Mahmoud Darwich.&nbsp; A. La\u00e0bi&nbsp; a obtenu le prix Goncourt de la po\u00e9sie 2009 et le Grand&nbsp; prix de la francophonie de l\u2019Acad\u00e9mie fran\u00e7aise en 2011.<br>Parmi ses derni\u00e8res \u0153uvres, publi\u00e9es en majeure partie aux Editions de la Diff\u00e9rence&nbsp;: <em>L\u2019\u00e9treinte du monde<\/em> (1993), <em>Le spleen de Casablanca<\/em> (1996), <em>Les fruits du corps<\/em> (2003), <em>\u0152uvre po\u00e9tique I et II<\/em> (2006&nbsp;; 2010<em>),<\/em>&nbsp; <em>Le livre impr\u00e9vu<\/em> (2010)&nbsp;<em> Zone de turbulences<\/em> (2012). Un autre Maroc (2013), <em>La Saison manquante<\/em>, suivi de <em>Amour-Jacaranda<\/em> (2014). <em>Le Principe d\u2019incertitude<\/em> (2016)<br>De leur c\u00f4t\u00e9, les \u00e9ditions Gallimard ont publi\u00e9 <em>Le fond de la jarre<\/em> (Roman,2002&nbsp;; collection Folio 2010),&nbsp; <em>L\u2019arbre \u00e0 po\u00e8mes<\/em> (anthologie personnelle, Po\u00e9sie\/Gallimard 2016)<\/p>\t\t\t\t\t\t<\/div>\n\t\t\t\t<\/div>\n\t\t\t\t<div class=\"elementor-element elementor-element-3de48573 elementor-widget elementor-widget-heading\" data-id=\"3de48573\" data-element_type=\"widget\" data-widget_type=\"heading.default\">\n\t\t\t\t<div class=\"elementor-widget-container\">\n\t\t\t<h2 class=\"elementor-heading-title elementor-size-default\"><strong><em>DISTRIBUTION :<\/em><\/strong><\/span><\/h2>\t\t<\/div>\n\t\t\t\t<\/div>\n\t\t\t\t<div class=\"elementor-element elementor-element-50182266 elementor-widget elementor-widget-heading\" data-id=\"50182266\" data-element_type=\"widget\" data-widget_type=\"heading.default\">\n\t\t\t\t<div class=\"elementor-widget-container\">\n\t\t\t<h2 class=\"elementor-heading-title elementor-size-default\">Adaptation th\u00e9\u00e2trale&nbsp;: Jacqueline Scalabrini<br>\nDispositif sc\u00e9nique et mise en sc\u00e8ne&nbsp;: Robert Condamin<br>\nInterpr\u00e9tation&nbsp;: Garance Picqu\u00e9<br>\nMusique&nbsp;: Sa\u00efd et Ahc\u00e8ne Boubekri<\/h2>\t\t<\/div>\n\t\t\t\t<\/div>\n\t\t\t\t<div class=\"elementor-element elementor-element-4fbbe8c5 elementor-widget elementor-widget-gallery\" data-id=\"4fbbe8c5\" data-element_type=\"widget\" data-settings=\"{&quot;ideal_row_height&quot;:{&quot;unit&quot;:&quot;px&quot;,&quot;size&quot;:240,&quot;sizes&quot;:[]},&quot;gallery_layout&quot;:&quot;justified&quot;,&quot;lazyload&quot;:&quot;yes&quot;,&quot;ideal_row_height_tablet&quot;:{&quot;unit&quot;:&quot;px&quot;,&quot;size&quot;:150,&quot;sizes&quot;:[]},&quot;ideal_row_height_mobile&quot;:{&quot;unit&quot;:&quot;px&quot;,&quot;size&quot;:150,&quot;sizes&quot;:[]},&quot;gap&quot;:{&quot;unit&quot;:&quot;px&quot;,&quot;size&quot;:10,&quot;sizes&quot;:[]},&quot;gap_tablet&quot;:{&quot;unit&quot;:&quot;px&quot;,&quot;size&quot;:10,&quot;sizes&quot;:[]},&quot;gap_mobile&quot;:{&quot;unit&quot;:&quot;px&quot;,&quot;size&quot;:10,&quot;sizes&quot;:[]},&quot;link_to&quot;:&quot;file&quot;,&quot;overlay_background&quot;:&quot;yes&quot;,&quot;content_hover_animation&quot;:&quot;fade-in&quot;}\" data-widget_type=\"gallery.default\">\n\t\t\t\t<div class=\"elementor-widget-container\">\n\t\t\t<style>\/*! elementor-pro - v3.12.2 - 09-04-2023 *\/\n.elementor-gallery__container{min-height:1px}.elementor-gallery-item{position:relative;overflow:hidden;display:block;text-decoration:none;border:solid var(--image-border-width) var(--image-border-color);border-radius:var(--image-border-radius)}.elementor-gallery-item__content,.elementor-gallery-item__overlay{height:100%;width:100%;position:absolute;top:0;left:0}.elementor-gallery-item__overlay{mix-blend-mode:var(--overlay-mix-blend-mode);transition-duration:var(--overlay-transition-duration);transition-property:mix-blend-mode,transform,opacity,background-color}.elementor-gallery-item__image.e-gallery-image{transition-duration:var(--image-transition-duration);transition-property:filter,transform}.elementor-gallery-item__content{display:flex;flex-direction:column;justify-content:var(--content-justify-content,center);align-items:center;text-align:var(--content-text-align);padding:var(--content-padding)}.elementor-gallery-item__content>div{transition-duration:var(--content-transition-duration)}.elementor-gallery-item__content.elementor-gallery--sequenced-animation>div:nth-child(2){transition-delay:calc(var(--content-transition-delay) \/ 3)}.elementor-gallery-item__content.elementor-gallery--sequenced-animation>div:nth-child(3){transition-delay:calc(var(--content-transition-delay) \/ 3 * 2)}.elementor-gallery-item__content.elementor-gallery--sequenced-animation>div:nth-child(4){transition-delay:calc(var(--content-transition-delay) \/ 3 * 3)}.elementor-gallery-item__description{color:var(--description-text-color,#fff);width:100%}.elementor-gallery-item__title{color:var(--title-text-color,#fff);font-weight:700;width:100%}.elementor-gallery__titles-container{display:flex;flex-wrap:wrap;justify-content:var(--titles-container-justify-content,center);margin-bottom:20px}.elementor-gallery__titles-container:not(.e--pointer-framed) .elementor-item:after,.elementor-gallery__titles-container:not(.e--pointer-framed) .elementor-item:before{background-color:var(--galleries-pointer-bg-color-hover)}.elementor-gallery__titles-container:not(.e--pointer-framed) .elementor-item.elementor-item-active:after,.elementor-gallery__titles-container:not(.e--pointer-framed) .elementor-item.elementor-item-active:before{background-color:var(--galleries-pointer-bg-color-active)}.elementor-gallery__titles-container.e--pointer-framed .elementor-item:before{border-color:var(--galleries-pointer-bg-color-hover);border-width:var(--galleries-pointer-border-width)}.elementor-gallery__titles-container.e--pointer-framed .elementor-item:after{border-color:var(--galleries-pointer-bg-color-hover)}.elementor-gallery__titles-container.e--pointer-framed .elementor-item.elementor-item-active:after,.elementor-gallery__titles-container.e--pointer-framed .elementor-item.elementor-item-active:before{border-color:var(--galleries-pointer-bg-color-active)}.elementor-gallery__titles-container.e--pointer-framed.e--animation-draw .elementor-item:before{border-left-width:var(--galleries-pointer-border-width);border-bottom-width:var(--galleries-pointer-border-width);border-right-width:0;border-top-width:0}.elementor-gallery__titles-container.e--pointer-framed.e--animation-draw .elementor-item:after{border-left-width:0;border-bottom-width:0;border-right-width:var(--galleries-pointer-border-width);border-top-width:var(--galleries-pointer-border-width)}.elementor-gallery__titles-container.e--pointer-framed.e--animation-corners .elementor-item:before{border-left-width:var(--galleries-pointer-border-width);border-bottom-width:0;border-right-width:0;border-top-width:var(--galleries-pointer-border-width)}.elementor-gallery__titles-container.e--pointer-framed.e--animation-corners .elementor-item:after{border-left-width:0;border-bottom-width:var(--galleries-pointer-border-width);border-right-width:var(--galleries-pointer-border-width);border-top-width:0}.elementor-gallery__titles-container .e--pointer-double-line .elementor-item:after,.elementor-gallery__titles-container .e--pointer-double-line .elementor-item:before,.elementor-gallery__titles-container .e--pointer-overline .elementor-item:before,.elementor-gallery__titles-container .e--pointer-underline .elementor-item:after{height:var(--galleries-pointer-border-width)}.elementor-gallery-title{--space-between:10px;cursor:pointer;color:#6d7882;font-weight:500;position:relative;padding:7px 14px;transition:all .3s}.elementor-gallery-title--active{color:#495157}.elementor-gallery-title:not(:last-child){margin-right:var(--space-between)}.elementor-gallery-item__title+.elementor-gallery-item__description{margin-top:var(--description-margin-top)}.e-gallery-item.elementor-gallery-item{transition-property:all}.e-gallery-item.elementor-animated-content .elementor-animated-item--enter-from-bottom,.e-gallery-item.elementor-animated-content .elementor-animated-item--enter-from-left,.e-gallery-item.elementor-animated-content .elementor-animated-item--enter-from-right,.e-gallery-item.elementor-animated-content .elementor-animated-item--enter-from-top,.e-gallery-item:hover .elementor-gallery__item-overlay-bg,.e-gallery-item:hover .elementor-gallery__item-overlay-content,.e-gallery-item:hover .elementor-gallery__item-overlay-content__description,.e-gallery-item:hover .elementor-gallery__item-overlay-content__title{opacity:1}a.elementor-item.elementor-gallery-title{color:var(--galleries-title-color-normal)}a.elementor-item.elementor-gallery-title.elementor-item-active,a.elementor-item.elementor-gallery-title.highlighted,a.elementor-item.elementor-gallery-title:focus,a.elementor-item.elementor-gallery-title:hover{color:var(--galleries-title-color-hover)}a.elementor-item.elementor-gallery-title.elementor-item-active{color:var(--gallery-title-color-active)}.e-con-inner>.elementor-widget-gallery,.e-con>.elementor-widget-gallery{width:var(--container-widget-width);--flex-grow:var(--container-widget-flex-grow)}<\/style>\t\t<div class=\"elementor-gallery__container\">\n\t\t\t\t\t\t\t<a class=\"e-gallery-item elementor-gallery-item elementor-animated-content\" href=\"https:\/\/theatredescinqjardins.fr\/wp-content\/uploads\/2022\/11\/P1060495-scaled.jpg\" data-elementor-open-lightbox=\"yes\" data-elementor-lightbox-slideshow=\"all-4fbbe8c5\" data-elementor-lightbox-title=\"Saida et les voleurs de Soleil\" data-e-action-hash=\"#elementor-action%3Aaction%3Dlightbox%26settings%3DeyJpZCI6OTUyLCJ1cmwiOiJodHRwczpcL1wvdGhlYXRyZWRlc2NpbnFqYXJkaW5zLmZyXC93cC1jb250ZW50XC91cGxvYWRzXC8yMDIyXC8xMVwvUDEwNjA0OTUtc2NhbGVkLmpwZyIsInNsaWRlc2hvdyI6ImFsbC00ZmJiZThjNSJ9\">\n\t\t\t\t\t<div class=\"e-gallery-image elementor-gallery-item__image\" data-thumbnail=\"https:\/\/theatredescinqjardins.fr\/wp-content\/uploads\/2022\/11\/P1060495-scaled.jpg\" data-width=\"1920\" data-height=\"2560\" aria-label=\"Image de la marionnette Sa\u00efda\" role=\"img\" ><\/div>\n\t\t\t\t\t\t\t\t\t\t\t<div class=\"elementor-gallery-item__overlay\"><\/div>\n\t\t\t\t\t\t\t\t\t\t\t\t\t\t<\/a>\n\t\t\t\t\t\t\t<a class=\"e-gallery-item elementor-gallery-item elementor-animated-content\" href=\"https:\/\/theatredescinqjardins.fr\/wp-content\/uploads\/2022\/11\/P1060479-scaled.jpg\" data-elementor-open-lightbox=\"yes\" data-elementor-lightbox-slideshow=\"all-4fbbe8c5\" data-elementor-lightbox-title=\"Une femme emprisonn\u00e9e dans un filet de p\u00eache\" data-e-action-hash=\"#elementor-action%3Aaction%3Dlightbox%26settings%3DeyJpZCI6OTU0LCJ1cmwiOiJodHRwczpcL1wvdGhlYXRyZWRlc2NpbnFqYXJkaW5zLmZyXC93cC1jb250ZW50XC91cGxvYWRzXC8yMDIyXC8xMVwvUDEwNjA0Nzktc2NhbGVkLmpwZyIsInNsaWRlc2hvdyI6ImFsbC00ZmJiZThjNSJ9\">\n\t\t\t\t\t<div class=\"e-gallery-image elementor-gallery-item__image\" data-thumbnail=\"https:\/\/theatredescinqjardins.fr\/wp-content\/uploads\/2022\/11\/P1060479-scaled.jpg\" data-width=\"1920\" data-height=\"2560\" aria-label=\"Une femme emprisonn\u00e9e dans un filet de p\u00eache\" role=\"img\" ><\/div>\n\t\t\t\t\t\t\t\t\t\t\t<div class=\"elementor-gallery-item__overlay\"><\/div>\n\t\t\t\t\t\t\t\t\t\t\t\t\t\t<\/a>\n\t\t\t\t\t\t\t<a class=\"e-gallery-item elementor-gallery-item elementor-animated-content\" href=\"https:\/\/theatredescinqjardins.fr\/wp-content\/uploads\/2016\/12\/P1060470.jpg\" data-elementor-open-lightbox=\"yes\" data-elementor-lightbox-slideshow=\"all-4fbbe8c5\" data-elementor-lightbox-title=\"Une femme jouant avec un filet de p\u00eache\" data-e-action-hash=\"#elementor-action%3Aaction%3Dlightbox%26settings%3DeyJpZCI6MzAsInVybCI6Imh0dHBzOlwvXC90aGVhdHJlZGVzY2lucWphcmRpbnMuZnJcL3dwLWNvbnRlbnRcL3VwbG9hZHNcLzIwMTZcLzEyXC9QMTA2MDQ3MC5qcGciLCJzbGlkZXNob3ciOiJhbGwtNGZiYmU4YzUifQ%3D%3D\">\n\t\t\t\t\t<div class=\"e-gallery-image elementor-gallery-item__image\" data-thumbnail=\"https:\/\/theatredescinqjardins.fr\/wp-content\/uploads\/2016\/12\/P1060470.jpg\" data-width=\"4000\" data-height=\"3000\" aria-label=\"Une femme jouant avec un filet de p\u00eache\" role=\"img\" ><\/div>\n\t\t\t\t\t\t\t\t\t\t\t<div class=\"elementor-gallery-item__overlay\"><\/div>\n\t\t\t\t\t\t\t\t\t\t\t\t\t\t<\/a>\n\t\t\t\t\t\t\t<a class=\"e-gallery-item elementor-gallery-item elementor-animated-content\" href=\"https:\/\/theatredescinqjardins.fr\/wp-content\/uploads\/2017\/01\/P1060454.jpg\" data-elementor-open-lightbox=\"yes\" data-elementor-lightbox-slideshow=\"all-4fbbe8c5\" data-elementor-lightbox-title=\"Une femme fait des mouvements dans l&#039;air avec un filet.\" data-e-action-hash=\"#elementor-action%3Aaction%3Dlightbox%26settings%3DeyJpZCI6Mzg3LCJ1cmwiOiJodHRwczpcL1wvdGhlYXRyZWRlc2NpbnFqYXJkaW5zLmZyXC93cC1jb250ZW50XC91cGxvYWRzXC8yMDE3XC8wMVwvUDEwNjA0NTQuanBnIiwic2xpZGVzaG93IjoiYWxsLTRmYmJlOGM1In0%3D\">\n\t\t\t\t\t<div class=\"e-gallery-image elementor-gallery-item__image\" data-thumbnail=\"https:\/\/theatredescinqjardins.fr\/wp-content\/uploads\/2017\/01\/P1060454.jpg\" data-width=\"3000\" data-height=\"4000\" aria-label=\"Une femme fait des mouvements dans l&#039;air avec un filet.\" role=\"img\" ><\/div>\n\t\t\t\t\t\t\t\t\t\t\t<div class=\"elementor-gallery-item__overlay\"><\/div>\n\t\t\t\t\t\t\t\t\t\t\t\t\t\t<\/a>\n\t\t\t\t\t<\/div>\n\t\t\t<\/div>\n\t\t\t\t<\/div>\n\t\t\t\t\t<\/div>\n\t\t<\/div>\n\t\t\t\t\t\t\t<\/div>\n\t\t<\/section>\n\t\t\t\t\t\t\t<\/div>\n\t\t","protected":false},"excerpt":{"rendered":"<p>SA\u00cfDA ET LES VOLEURS DE SOLEIL \u00ab\u00a0Il \u00e9tait une fois, dans un pays du bord de la mer des T\u00e9n\u00e8bres, une petite fille&#8230;<\/p>\n","protected":false},"author":1,"featured_media":0,"parent":0,"menu_order":0,"comment_status":"closed","ping_status":"closed","template":"elementor_header_footer","meta":{"footnotes":""},"class_list":["post-1600","page","type-page","status-publish","hentry"],"_links":{"self":[{"href":"https:\/\/theatredescinqjardins.fr\/index.php\/wp-json\/wp\/v2\/pages\/1600","targetHints":{"allow":["GET"]}}],"collection":[{"href":"https:\/\/theatredescinqjardins.fr\/index.php\/wp-json\/wp\/v2\/pages"}],"about":[{"href":"https:\/\/theatredescinqjardins.fr\/index.php\/wp-json\/wp\/v2\/types\/page"}],"author":[{"embeddable":true,"href":"https:\/\/theatredescinqjardins.fr\/index.php\/wp-json\/wp\/v2\/users\/1"}],"replies":[{"embeddable":true,"href":"https:\/\/theatredescinqjardins.fr\/index.php\/wp-json\/wp\/v2\/comments?post=1600"}],"version-history":[{"count":56,"href":"https:\/\/theatredescinqjardins.fr\/index.php\/wp-json\/wp\/v2\/pages\/1600\/revisions"}],"predecessor-version":[{"id":2334,"href":"https:\/\/theatredescinqjardins.fr\/index.php\/wp-json\/wp\/v2\/pages\/1600\/revisions\/2334"}],"wp:attachment":[{"href":"https:\/\/theatredescinqjardins.fr\/index.php\/wp-json\/wp\/v2\/media?parent=1600"}],"curies":[{"name":"wp","href":"https:\/\/api.w.org\/{rel}","templated":true}]}}