{"id":1700,"date":"2023-09-02T16:07:57","date_gmt":"2023-09-02T14:07:57","guid":{"rendered":"http:\/\/theatredescinqjardins.fr\/?page_id=1700"},"modified":"2023-10-30T22:14:37","modified_gmt":"2023-10-30T21:14:37","slug":"le-ventre-de-la-baleine","status":"publish","type":"page","link":"https:\/\/theatredescinqjardins.fr\/index.php\/le-ventre-de-la-baleine\/","title":{"rendered":".Le ventre de la baleine"},"content":{"rendered":"\t\t<div data-elementor-type=\"wp-page\" data-elementor-id=\"1700\" class=\"elementor elementor-1700\">\n\t\t\t\t\t\t\t\t\t<section class=\"elementor-section elementor-top-section elementor-element elementor-element-78612cd0 elementor-section-height-full elementor-section-items-stretch elementor-section-boxed elementor-section-height-default\" data-id=\"78612cd0\" data-element_type=\"section\">\n\t\t\t\t\t\t<div class=\"elementor-container elementor-column-gap-default\">\n\t\t\t\t\t<div class=\"elementor-column elementor-col-50 elementor-top-column elementor-element elementor-element-6b0d6b2d elementor-invisible\" data-id=\"6b0d6b2d\" data-element_type=\"column\" data-settings=\"{&quot;background_background&quot;:&quot;classic&quot;,&quot;animation&quot;:&quot;fadeInLeft&quot;}\">\n\t\t\t<div class=\"elementor-widget-wrap elementor-element-populated\">\n\t\t\t\t\t\t\t\t<div class=\"elementor-element elementor-element-6c6312b8 elementor-widget elementor-widget-image\" data-id=\"6c6312b8\" data-element_type=\"widget\" data-widget_type=\"image.default\">\n\t\t\t\t<div class=\"elementor-widget-container\">\n\t\t\t<style>\/*! elementor - v3.15.0 - 20-08-2023 *\/\n.elementor-widget-image{text-align:center}.elementor-widget-image a{display:inline-block}.elementor-widget-image a img[src$=\".svg\"]{width:48px}.elementor-widget-image img{vertical-align:middle;display:inline-block}<\/style>\t\t\t\t\t\t\t\t\t\t\t\t\t<a href=\"https:\/\/theatredescinqjardins.fr\/wp-content\/uploads\/2023\/01\/AFFICHE-VENTRE-rouge-CMYK-CMYK-scaled.jpg\" data-elementor-open-lightbox=\"yes\" data-elementor-lightbox-title=\"Le ventre de la baleine\" data-elementor-lightbox-description=\"visage avec une main devant en noir et blanc. Le ventre de la baleine en titre en rouge, avec garance picqu\u00e9. \" data-e-action-hash=\"#elementor-action%3Aaction%3Dlightbox%26settings%3DeyJpZCI6OTg5LCJ1cmwiOiJodHRwczpcL1wvdGhlYXRyZWRlc2NpbnFqYXJkaW5zLmZyXC93cC1jb250ZW50XC91cGxvYWRzXC8yMDIzXC8wMVwvQUZGSUNIRS1WRU5UUkUtcm91Z2UtQ01ZSy1DTVlLLXNjYWxlZC5qcGcifQ%3D%3D\">\n\t\t\t\t\t\t\t<img loading=\"lazy\" decoding=\"async\" width=\"640\" height=\"900\" src=\"https:\/\/theatredescinqjardins.fr\/wp-content\/uploads\/2023\/01\/AFFICHE-VENTRE-rouge-CMYK-CMYK-728x1024.jpg\" class=\"attachment-large size-large wp-image-989\" alt=\"Affiche le ventre de la baleine\" srcset=\"https:\/\/theatredescinqjardins.fr\/wp-content\/uploads\/2023\/01\/AFFICHE-VENTRE-rouge-CMYK-CMYK-728x1024.jpg 728w, https:\/\/theatredescinqjardins.fr\/wp-content\/uploads\/2023\/01\/AFFICHE-VENTRE-rouge-CMYK-CMYK-213x300.jpg 213w, https:\/\/theatredescinqjardins.fr\/wp-content\/uploads\/2023\/01\/AFFICHE-VENTRE-rouge-CMYK-CMYK-768x1080.jpg 768w, https:\/\/theatredescinqjardins.fr\/wp-content\/uploads\/2023\/01\/AFFICHE-VENTRE-rouge-CMYK-CMYK-1093x1536.jpg 1093w, https:\/\/theatredescinqjardins.fr\/wp-content\/uploads\/2023\/01\/AFFICHE-VENTRE-rouge-CMYK-CMYK-1457x2048.jpg 1457w, https:\/\/theatredescinqjardins.fr\/wp-content\/uploads\/2023\/01\/AFFICHE-VENTRE-rouge-CMYK-CMYK-scaled.jpg 1821w\" sizes=\"auto, (max-width: 640px) 100vw, 640px\" \/>\t\t\t\t\t\t\t\t<\/a>\n\t\t\t\t\t\t\t\t\t\t\t\t\t\t\t<\/div>\n\t\t\t\t<\/div>\n\t\t\t\t\t<\/div>\n\t\t<\/div>\n\t\t\t\t<div class=\"elementor-column elementor-col-50 elementor-top-column elementor-element elementor-element-36042d92 elementor-invisible\" data-id=\"36042d92\" data-element_type=\"column\" data-settings=\"{&quot;animation&quot;:&quot;fadeInRight&quot;}\">\n\t\t\t<div class=\"elementor-widget-wrap elementor-element-populated\">\n\t\t\t\t\t\t\t\t<div class=\"elementor-element elementor-element-7e4f67f5 elementor-widget elementor-widget-heading\" data-id=\"7e4f67f5\" data-element_type=\"widget\" data-widget_type=\"heading.default\">\n\t\t\t\t<div class=\"elementor-widget-container\">\n\t\t\t<style>\/*! elementor - v3.15.0 - 20-08-2023 *\/\n.elementor-heading-title{padding:0;margin:0;line-height:1}.elementor-widget-heading .elementor-heading-title[class*=elementor-size-]>a{color:inherit;font-size:inherit;line-height:inherit}.elementor-widget-heading .elementor-heading-title.elementor-size-small{font-size:15px}.elementor-widget-heading .elementor-heading-title.elementor-size-medium{font-size:19px}.elementor-widget-heading .elementor-heading-title.elementor-size-large{font-size:29px}.elementor-widget-heading .elementor-heading-title.elementor-size-xl{font-size:39px}.elementor-widget-heading .elementor-heading-title.elementor-size-xxl{font-size:59px}<\/style><h2 class=\"elementor-heading-title elementor-size-default\">Le ventre de la baleine<\/h2>\t\t<\/div>\n\t\t\t\t<\/div>\n\t\t\t\t<div class=\"elementor-element elementor-element-1914d51c elementor-widget elementor-widget-text-editor\" data-id=\"1914d51c\" data-element_type=\"widget\" data-widget_type=\"text-editor.default\">\n\t\t\t\t<div class=\"elementor-widget-container\">\n\t\t\t<style>\/*! elementor - v3.15.0 - 20-08-2023 *\/\n.elementor-widget-text-editor.elementor-drop-cap-view-stacked .elementor-drop-cap{background-color:#69727d;color:#fff}.elementor-widget-text-editor.elementor-drop-cap-view-framed .elementor-drop-cap{color:#69727d;border:3px solid;background-color:transparent}.elementor-widget-text-editor:not(.elementor-drop-cap-view-default) .elementor-drop-cap{margin-top:8px}.elementor-widget-text-editor:not(.elementor-drop-cap-view-default) .elementor-drop-cap-letter{width:1em;height:1em}.elementor-widget-text-editor .elementor-drop-cap{float:left;text-align:center;line-height:1;font-size:50px}.elementor-widget-text-editor .elementor-drop-cap-letter{display:inline-block}<\/style>\t\t\t\t<p>\u00ab\u00a0Qui est APHRODITE ?<br \/>Une femme ordinaire plong\u00e9e dans des tourments d\u2019une rare violence et dont la raison semble parfois s\u2019\u00e9garer\u00a0?<br \/>Une com\u00e9dienne qui r\u00e9p\u00e8te son r\u00f4le\u00a0?<br \/>Une actrice qui joue un personnage devant un public \u00e0 qui elle semble se confier\u00a0?<br \/>Aphrodite s\u2019agite dans un espace ind\u00e9finissable comme un animal pris au pi\u00e8ge et nous raconte son histoire. Elle nous parle (elle nous joue\u00a0?) de sa vie pleine de policiers, de r\u00eaves, d\u2019amour (la douce emboiture), de coups, d\u2019un Jonas dans le ventre de la baleine, du Paradis et de l\u2019Enfer.<br \/>Et de tout ce que vivent et souffrent ces femmes qui se taisent.<\/p><p>Avec ce texte singulier de Stanislas Cotton, Garance et moi choisissons de leur donner la parole.\u00a0\u00bb<\/p><p><strong>Robert Condamin \u2013 Metteur en sc\u00e8ne<\/strong><\/p>\t\t\t\t\t\t<\/div>\n\t\t\t\t<\/div>\n\t\t\t\t<div class=\"elementor-element elementor-element-3026f754 elementor-align-center elementor-widget elementor-widget-button\" data-id=\"3026f754\" data-element_type=\"widget\" data-widget_type=\"button.default\">\n\t\t\t\t<div class=\"elementor-widget-container\">\n\t\t\t\t\t<div class=\"elementor-button-wrapper\">\n\t\t\t<a class=\"elementor-button elementor-button-link elementor-size-lg elementor-animation-grow\" href=\"https:\/\/theatredescinqjardins.fr\/index.php\/contact\/\">\n\t\t\t\t\t\t<span class=\"elementor-button-content-wrapper\">\n\t\t\t\t\t\t<span class=\"elementor-button-text\">Contact<\/span>\n\t\t<\/span>\n\t\t\t\t\t<\/a>\n\t\t<\/div>\n\t\t\t\t<\/div>\n\t\t\t\t<\/div>\n\t\t\t\t\t<\/div>\n\t\t<\/div>\n\t\t\t\t\t\t\t<\/div>\n\t\t<\/section>\n\t\t\t\t<section class=\"elementor-section elementor-top-section elementor-element elementor-element-2517a535 elementor-section-boxed elementor-section-height-default elementor-section-height-default elementor-invisible\" data-id=\"2517a535\" data-element_type=\"section\" data-settings=\"{&quot;animation&quot;:&quot;fadeInUp&quot;}\">\n\t\t\t\t\t\t<div class=\"elementor-container elementor-column-gap-default\">\n\t\t\t\t\t<div class=\"elementor-column elementor-col-100 elementor-top-column elementor-element elementor-element-14263432\" data-id=\"14263432\" data-element_type=\"column\">\n\t\t\t<div class=\"elementor-widget-wrap elementor-element-populated\">\n\t\t\t\t\t\t\t\t<div class=\"elementor-element elementor-element-4bb7b83 elementor-widget elementor-widget-text-editor\" data-id=\"4bb7b83\" data-element_type=\"widget\" data-widget_type=\"text-editor.default\">\n\t\t\t\t<div class=\"elementor-widget-container\">\n\t\t\t\t\t\t\t<p><strong>Stanislas Cotton<\/strong>, l&rsquo;auteur de la pi\u00e8ce, est form\u00e9 au conservatoire de Bruxelles, il a travaill\u00e9 en Belgique durant une quinzaine d\u2019ann\u00e9es comme com\u00e9dien au sein de la mouvance des jeunes compagnies. Depuis 1990, il se consacre enti\u00e8rement \u00e0 l\u2019\u00e9criture dramatique. Il vit actuellement \u00e0 Rome.<\/p>\t\t\t\t\t\t<\/div>\n\t\t\t\t<\/div>\n\t\t\t\t<div class=\"elementor-element elementor-element-fff82e2 elementor-widget elementor-widget-gallery\" data-id=\"fff82e2\" data-element_type=\"widget\" data-settings=\"{&quot;gallery_layout&quot;:&quot;justified&quot;,&quot;ideal_row_height&quot;:{&quot;unit&quot;:&quot;px&quot;,&quot;size&quot;:240,&quot;sizes&quot;:[]},&quot;lazyload&quot;:&quot;yes&quot;,&quot;ideal_row_height_tablet&quot;:{&quot;unit&quot;:&quot;px&quot;,&quot;size&quot;:150,&quot;sizes&quot;:[]},&quot;ideal_row_height_mobile&quot;:{&quot;unit&quot;:&quot;px&quot;,&quot;size&quot;:150,&quot;sizes&quot;:[]},&quot;gap&quot;:{&quot;unit&quot;:&quot;px&quot;,&quot;size&quot;:10,&quot;sizes&quot;:[]},&quot;gap_tablet&quot;:{&quot;unit&quot;:&quot;px&quot;,&quot;size&quot;:10,&quot;sizes&quot;:[]},&quot;gap_mobile&quot;:{&quot;unit&quot;:&quot;px&quot;,&quot;size&quot;:10,&quot;sizes&quot;:[]},&quot;link_to&quot;:&quot;file&quot;,&quot;overlay_background&quot;:&quot;yes&quot;,&quot;content_hover_animation&quot;:&quot;fade-in&quot;}\" data-widget_type=\"gallery.default\">\n\t\t\t\t<div class=\"elementor-widget-container\">\n\t\t\t<style>\/*! elementor-pro - v3.12.2 - 09-04-2023 *\/\n.elementor-gallery__container{min-height:1px}.elementor-gallery-item{position:relative;overflow:hidden;display:block;text-decoration:none;border:solid var(--image-border-width) var(--image-border-color);border-radius:var(--image-border-radius)}.elementor-gallery-item__content,.elementor-gallery-item__overlay{height:100%;width:100%;position:absolute;top:0;left:0}.elementor-gallery-item__overlay{mix-blend-mode:var(--overlay-mix-blend-mode);transition-duration:var(--overlay-transition-duration);transition-property:mix-blend-mode,transform,opacity,background-color}.elementor-gallery-item__image.e-gallery-image{transition-duration:var(--image-transition-duration);transition-property:filter,transform}.elementor-gallery-item__content{display:flex;flex-direction:column;justify-content:var(--content-justify-content,center);align-items:center;text-align:var(--content-text-align);padding:var(--content-padding)}.elementor-gallery-item__content>div{transition-duration:var(--content-transition-duration)}.elementor-gallery-item__content.elementor-gallery--sequenced-animation>div:nth-child(2){transition-delay:calc(var(--content-transition-delay) \/ 3)}.elementor-gallery-item__content.elementor-gallery--sequenced-animation>div:nth-child(3){transition-delay:calc(var(--content-transition-delay) \/ 3 * 2)}.elementor-gallery-item__content.elementor-gallery--sequenced-animation>div:nth-child(4){transition-delay:calc(var(--content-transition-delay) \/ 3 * 3)}.elementor-gallery-item__description{color:var(--description-text-color,#fff);width:100%}.elementor-gallery-item__title{color:var(--title-text-color,#fff);font-weight:700;width:100%}.elementor-gallery__titles-container{display:flex;flex-wrap:wrap;justify-content:var(--titles-container-justify-content,center);margin-bottom:20px}.elementor-gallery__titles-container:not(.e--pointer-framed) .elementor-item:after,.elementor-gallery__titles-container:not(.e--pointer-framed) .elementor-item:before{background-color:var(--galleries-pointer-bg-color-hover)}.elementor-gallery__titles-container:not(.e--pointer-framed) .elementor-item.elementor-item-active:after,.elementor-gallery__titles-container:not(.e--pointer-framed) .elementor-item.elementor-item-active:before{background-color:var(--galleries-pointer-bg-color-active)}.elementor-gallery__titles-container.e--pointer-framed .elementor-item:before{border-color:var(--galleries-pointer-bg-color-hover);border-width:var(--galleries-pointer-border-width)}.elementor-gallery__titles-container.e--pointer-framed .elementor-item:after{border-color:var(--galleries-pointer-bg-color-hover)}.elementor-gallery__titles-container.e--pointer-framed .elementor-item.elementor-item-active:after,.elementor-gallery__titles-container.e--pointer-framed .elementor-item.elementor-item-active:before{border-color:var(--galleries-pointer-bg-color-active)}.elementor-gallery__titles-container.e--pointer-framed.e--animation-draw .elementor-item:before{border-left-width:var(--galleries-pointer-border-width);border-bottom-width:var(--galleries-pointer-border-width);border-right-width:0;border-top-width:0}.elementor-gallery__titles-container.e--pointer-framed.e--animation-draw .elementor-item:after{border-left-width:0;border-bottom-width:0;border-right-width:var(--galleries-pointer-border-width);border-top-width:var(--galleries-pointer-border-width)}.elementor-gallery__titles-container.e--pointer-framed.e--animation-corners .elementor-item:before{border-left-width:var(--galleries-pointer-border-width);border-bottom-width:0;border-right-width:0;border-top-width:var(--galleries-pointer-border-width)}.elementor-gallery__titles-container.e--pointer-framed.e--animation-corners .elementor-item:after{border-left-width:0;border-bottom-width:var(--galleries-pointer-border-width);border-right-width:var(--galleries-pointer-border-width);border-top-width:0}.elementor-gallery__titles-container .e--pointer-double-line .elementor-item:after,.elementor-gallery__titles-container .e--pointer-double-line .elementor-item:before,.elementor-gallery__titles-container .e--pointer-overline .elementor-item:before,.elementor-gallery__titles-container .e--pointer-underline .elementor-item:after{height:var(--galleries-pointer-border-width)}.elementor-gallery-title{--space-between:10px;cursor:pointer;color:#6d7882;font-weight:500;position:relative;padding:7px 14px;transition:all .3s}.elementor-gallery-title--active{color:#495157}.elementor-gallery-title:not(:last-child){margin-right:var(--space-between)}.elementor-gallery-item__title+.elementor-gallery-item__description{margin-top:var(--description-margin-top)}.e-gallery-item.elementor-gallery-item{transition-property:all}.e-gallery-item.elementor-animated-content .elementor-animated-item--enter-from-bottom,.e-gallery-item.elementor-animated-content .elementor-animated-item--enter-from-left,.e-gallery-item.elementor-animated-content .elementor-animated-item--enter-from-right,.e-gallery-item.elementor-animated-content .elementor-animated-item--enter-from-top,.e-gallery-item:hover .elementor-gallery__item-overlay-bg,.e-gallery-item:hover .elementor-gallery__item-overlay-content,.e-gallery-item:hover .elementor-gallery__item-overlay-content__description,.e-gallery-item:hover .elementor-gallery__item-overlay-content__title{opacity:1}a.elementor-item.elementor-gallery-title{color:var(--galleries-title-color-normal)}a.elementor-item.elementor-gallery-title.elementor-item-active,a.elementor-item.elementor-gallery-title.highlighted,a.elementor-item.elementor-gallery-title:focus,a.elementor-item.elementor-gallery-title:hover{color:var(--galleries-title-color-hover)}a.elementor-item.elementor-gallery-title.elementor-item-active{color:var(--gallery-title-color-active)}.e-con-inner>.elementor-widget-gallery,.e-con>.elementor-widget-gallery{width:var(--container-widget-width);--flex-grow:var(--container-widget-flex-grow)}<\/style>\t\t<div class=\"elementor-gallery__container\">\n\t\t\t\t\t\t\t<a class=\"e-gallery-item elementor-gallery-item elementor-animated-content\" href=\"https:\/\/theatredescinqjardins.fr\/wp-content\/uploads\/2019\/11\/cropped-LE_VENTRE_DE_LA_BALEINE_0291-1.jpg\" data-elementor-open-lightbox=\"yes\" data-elementor-lightbox-slideshow=\"all-fff82e2\" data-elementor-lightbox-title=\"cropped-LE_VENTRE_DE_LA_BALEINE_0291-1.jpg\" data-e-action-hash=\"#elementor-action%3Aaction%3Dlightbox%26settings%3DeyJpZCI6Nzg0LCJ1cmwiOiJodHRwczpcL1wvdGhlYXRyZWRlc2NpbnFqYXJkaW5zLmZyXC93cC1jb250ZW50XC91cGxvYWRzXC8yMDE5XC8xMVwvY3JvcHBlZC1MRV9WRU5UUkVfREVfTEFfQkFMRUlORV8wMjkxLTEuanBnIiwic2xpZGVzaG93IjoiYWxsLWZmZjgyZTIifQ%3D%3D\">\n\t\t\t\t\t<div class=\"e-gallery-image elementor-gallery-item__image\" data-thumbnail=\"https:\/\/theatredescinqjardins.fr\/wp-content\/uploads\/2019\/11\/cropped-LE_VENTRE_DE_LA_BALEINE_0291-1.jpg\" data-width=\"1920\" data-height=\"2560\" aria-label=\"\" role=\"img\" ><\/div>\n\t\t\t\t\t\t\t\t\t\t\t<div class=\"elementor-gallery-item__overlay\"><\/div>\n\t\t\t\t\t\t\t\t\t\t\t\t\t\t<\/a>\n\t\t\t\t\t\t\t<a class=\"e-gallery-item elementor-gallery-item elementor-animated-content\" href=\"https:\/\/theatredescinqjardins.fr\/wp-content\/uploads\/2022\/11\/LE_VENTRE_DE_LA_BALEINE_0161-scaled.jpg\" data-elementor-open-lightbox=\"yes\" data-elementor-lightbox-slideshow=\"all-fff82e2\" data-elementor-lightbox-title=\"LE_VENTRE_DE_LA_BALEINE_0161\" data-e-action-hash=\"#elementor-action%3Aaction%3Dlightbox%26settings%3DeyJpZCI6OTUwLCJ1cmwiOiJodHRwczpcL1wvdGhlYXRyZWRlc2NpbnFqYXJkaW5zLmZyXC93cC1jb250ZW50XC91cGxvYWRzXC8yMDIyXC8xMVwvTEVfVkVOVFJFX0RFX0xBX0JBTEVJTkVfMDE2MS1zY2FsZWQuanBnIiwic2xpZGVzaG93IjoiYWxsLWZmZjgyZTIifQ%3D%3D\">\n\t\t\t\t\t<div class=\"e-gallery-image elementor-gallery-item__image\" data-thumbnail=\"https:\/\/theatredescinqjardins.fr\/wp-content\/uploads\/2022\/11\/LE_VENTRE_DE_LA_BALEINE_0161-scaled.jpg\" data-width=\"2560\" data-height=\"1707\" aria-label=\"LE_VENTRE_DE_LA_BALEINE_015[1]\" role=\"img\" ><\/div>\n\t\t\t\t\t\t\t\t\t\t\t<div class=\"elementor-gallery-item__overlay\"><\/div>\n\t\t\t\t\t\t\t\t\t\t\t\t\t\t<\/a>\n\t\t\t\t\t\t\t<a class=\"e-gallery-item elementor-gallery-item elementor-animated-content\" href=\"https:\/\/theatredescinqjardins.fr\/wp-content\/uploads\/2019\/11\/LE_VENTRE_DE_LA_BALEINE_0181.jpg\" data-elementor-open-lightbox=\"yes\" data-elementor-lightbox-slideshow=\"all-fff82e2\" data-elementor-lightbox-title=\"LE_VENTRE_DE_LA_BALEINE_018[1]\" data-e-action-hash=\"#elementor-action%3Aaction%3Dlightbox%26settings%3DeyJpZCI6NzU5LCJ1cmwiOiJodHRwczpcL1wvdGhlYXRyZWRlc2NpbnFqYXJkaW5zLmZyXC93cC1jb250ZW50XC91cGxvYWRzXC8yMDE5XC8xMVwvTEVfVkVOVFJFX0RFX0xBX0JBTEVJTkVfMDE4MS5qcGciLCJzbGlkZXNob3ciOiJhbGwtZmZmODJlMiJ9\">\n\t\t\t\t\t<div class=\"e-gallery-image elementor-gallery-item__image\" data-thumbnail=\"https:\/\/theatredescinqjardins.fr\/wp-content\/uploads\/2019\/11\/LE_VENTRE_DE_LA_BALEINE_0181.jpg\" data-width=\"6251\" data-height=\"4688\" aria-label=\"\" role=\"img\" ><\/div>\n\t\t\t\t\t\t\t\t\t\t\t<div class=\"elementor-gallery-item__overlay\"><\/div>\n\t\t\t\t\t\t\t\t\t\t\t\t\t\t<\/a>\n\t\t\t\t\t\t\t<a class=\"e-gallery-item elementor-gallery-item elementor-animated-content\" href=\"https:\/\/theatredescinqjardins.fr\/wp-content\/uploads\/2017\/01\/LMN9028.jpg\" data-elementor-open-lightbox=\"yes\" data-elementor-lightbox-slideshow=\"all-fff82e2\" data-elementor-lightbox-title=\"_LMN9028\" data-elementor-lightbox-description=\"LE VENTRE DE LA BALEINE de S. COTTON\" data-e-action-hash=\"#elementor-action%3Aaction%3Dlightbox%26settings%3DeyJpZCI6NDAwLCJ1cmwiOiJodHRwczpcL1wvdGhlYXRyZWRlc2NpbnFqYXJkaW5zLmZyXC93cC1jb250ZW50XC91cGxvYWRzXC8yMDE3XC8wMVwvTE1OOTAyOC5qcGciLCJzbGlkZXNob3ciOiJhbGwtZmZmODJlMiJ9\">\n\t\t\t\t\t<div class=\"e-gallery-image elementor-gallery-item__image\" data-thumbnail=\"https:\/\/theatredescinqjardins.fr\/wp-content\/uploads\/2017\/01\/LMN9028.jpg\" data-width=\"2832\" data-height=\"4256\" aria-label=\"_LMN9028\" role=\"img\" ><\/div>\n\t\t\t\t\t\t\t\t\t\t\t<div class=\"elementor-gallery-item__overlay\"><\/div>\n\t\t\t\t\t\t\t\t\t\t\t\t\t\t<\/a>\n\t\t\t\t\t<\/div>\n\t\t\t<\/div>\n\t\t\t\t<\/div>\n\t\t\t\t<div class=\"elementor-element elementor-element-61d9dbcd elementor-widget elementor-widget-heading\" data-id=\"61d9dbcd\" data-element_type=\"widget\" data-widget_type=\"heading.default\">\n\t\t\t\t<div class=\"elementor-widget-container\">\n\t\t\t<h2 class=\"elementor-heading-title elementor-size-default\"><strong><em>DISTRIBUTION :<\/em><\/strong><\/span><\/h2>\t\t<\/div>\n\t\t\t\t<\/div>\n\t\t\t\t<div class=\"elementor-element elementor-element-64352425 elementor-widget elementor-widget-heading\" data-id=\"64352425\" data-element_type=\"widget\" data-widget_type=\"heading.default\">\n\t\t\t\t<div class=\"elementor-widget-container\">\n\t\t\t<h2 class=\"elementor-heading-title elementor-size-default\">Mise en sc\u00e8ne, sc\u00e9nographie : Robert CONDAMIN<br>\nAssistante pour la direction d\u2019acteur : Jacqueline SCALABRINI<br>\nAphrodite : Garance PICQUE<br>\nCr\u00e9ation lumi\u00e8re pour la premi\u00e8re : \u00c9ric GOMEZ<br>\nPhoto : Christian de H\u00c9RICOURT (Instagram : @theatredansechrisdeher)\n<\/h2>\t\t<\/div>\n\t\t\t\t<\/div>\n\t\t\t\t\t<\/div>\n\t\t<\/div>\n\t\t\t\t\t\t\t<\/div>\n\t\t<\/section>\n\t\t\t\t\t\t\t<\/div>\n\t\t","protected":false},"excerpt":{"rendered":"<p>Le ventre de la baleine \u00ab\u00a0Qui est APHRODITE ?Une femme ordinaire plong\u00e9e dans des tourments d\u2019une rare violence et dont la raison semble&#8230;<\/p>\n","protected":false},"author":1,"featured_media":0,"parent":0,"menu_order":0,"comment_status":"closed","ping_status":"closed","template":"elementor_header_footer","meta":{"footnotes":""},"class_list":["post-1700","page","type-page","status-publish","hentry"],"_links":{"self":[{"href":"https:\/\/theatredescinqjardins.fr\/index.php\/wp-json\/wp\/v2\/pages\/1700","targetHints":{"allow":["GET"]}}],"collection":[{"href":"https:\/\/theatredescinqjardins.fr\/index.php\/wp-json\/wp\/v2\/pages"}],"about":[{"href":"https:\/\/theatredescinqjardins.fr\/index.php\/wp-json\/wp\/v2\/types\/page"}],"author":[{"embeddable":true,"href":"https:\/\/theatredescinqjardins.fr\/index.php\/wp-json\/wp\/v2\/users\/1"}],"replies":[{"embeddable":true,"href":"https:\/\/theatredescinqjardins.fr\/index.php\/wp-json\/wp\/v2\/comments?post=1700"}],"version-history":[{"count":40,"href":"https:\/\/theatredescinqjardins.fr\/index.php\/wp-json\/wp\/v2\/pages\/1700\/revisions"}],"predecessor-version":[{"id":2326,"href":"https:\/\/theatredescinqjardins.fr\/index.php\/wp-json\/wp\/v2\/pages\/1700\/revisions\/2326"}],"wp:attachment":[{"href":"https:\/\/theatredescinqjardins.fr\/index.php\/wp-json\/wp\/v2\/media?parent=1700"}],"curies":[{"name":"wp","href":"https:\/\/api.w.org\/{rel}","templated":true}]}}