{"id":2146,"date":"2023-10-22T20:29:43","date_gmt":"2023-10-22T18:29:43","guid":{"rendered":"http:\/\/theatredescinqjardins.fr\/?page_id=2146"},"modified":"2023-10-22T20:37:56","modified_gmt":"2023-10-22T18:37:56","slug":"taiga","status":"publish","type":"page","link":"https:\/\/theatredescinqjardins.fr\/index.php\/taiga\/","title":{"rendered":".taiga"},"content":{"rendered":"\t\t<div data-elementor-type=\"wp-page\" data-elementor-id=\"2146\" class=\"elementor elementor-2146\">\n\t\t\t\t\t\t\t\t\t<section class=\"elementor-section elementor-top-section elementor-element elementor-element-068b843 elementor-section-height-full elementor-section-items-stretch elementor-section-boxed elementor-section-height-default\" data-id=\"068b843\" data-element_type=\"section\">\n\t\t\t\t\t\t<div class=\"elementor-container elementor-column-gap-default\">\n\t\t\t\t\t<div class=\"elementor-column elementor-col-50 elementor-top-column elementor-element elementor-element-72c0b0a elementor-invisible\" data-id=\"72c0b0a\" data-element_type=\"column\" data-settings=\"{&quot;background_background&quot;:&quot;classic&quot;,&quot;animation&quot;:&quot;fadeInLeft&quot;}\">\n\t\t\t<div class=\"elementor-widget-wrap elementor-element-populated\">\n\t\t\t\t\t\t\t\t<div class=\"elementor-element elementor-element-4b24270 elementor-widget elementor-widget-image\" data-id=\"4b24270\" data-element_type=\"widget\" data-widget_type=\"image.default\">\n\t\t\t\t<div class=\"elementor-widget-container\">\n\t\t\t<style>\/*! elementor - v3.15.0 - 20-08-2023 *\/\n.elementor-widget-image{text-align:center}.elementor-widget-image a{display:inline-block}.elementor-widget-image a img[src$=\".svg\"]{width:48px}.elementor-widget-image img{vertical-align:middle;display:inline-block}<\/style>\t\t\t\t\t\t\t\t\t\t\t\t\t<a href=\"https:\/\/theatredescinqjardins.fr\/wp-content\/uploads\/2023\/10\/affiche-taiga.jpg\" data-elementor-open-lightbox=\"yes\" data-elementor-lightbox-title=\"affiche taiga\" data-e-action-hash=\"#elementor-action%3Aaction%3Dlightbox%26settings%3DeyJpZCI6MjE0OSwidXJsIjoiaHR0cHM6XC9cL3RoZWF0cmVkZXNjaW5xamFyZGlucy5mclwvd3AtY29udGVudFwvdXBsb2Fkc1wvMjAyM1wvMTBcL2FmZmljaGUtdGFpZ2EuanBnIn0%3D\">\n\t\t\t\t\t\t\t<img loading=\"lazy\" decoding=\"async\" width=\"640\" height=\"905\" src=\"https:\/\/theatredescinqjardins.fr\/wp-content\/uploads\/2023\/10\/affiche-taiga.jpg\" class=\"attachment-large size-large wp-image-2149\" alt=\"\" srcset=\"https:\/\/theatredescinqjardins.fr\/wp-content\/uploads\/2023\/10\/affiche-taiga.jpg 679w, https:\/\/theatredescinqjardins.fr\/wp-content\/uploads\/2023\/10\/affiche-taiga-212x300.jpg 212w\" sizes=\"auto, (max-width: 640px) 100vw, 640px\" \/>\t\t\t\t\t\t\t\t<\/a>\n\t\t\t\t\t\t\t\t\t\t\t\t\t\t\t<\/div>\n\t\t\t\t<\/div>\n\t\t\t\t\t<\/div>\n\t\t<\/div>\n\t\t\t\t<div class=\"elementor-column elementor-col-50 elementor-top-column elementor-element elementor-element-2ba9f51 elementor-invisible\" data-id=\"2ba9f51\" data-element_type=\"column\" data-settings=\"{&quot;animation&quot;:&quot;fadeInRight&quot;}\">\n\t\t\t<div class=\"elementor-widget-wrap elementor-element-populated\">\n\t\t\t\t\t\t\t\t<div class=\"elementor-element elementor-element-64866f4 elementor-widget elementor-widget-heading\" data-id=\"64866f4\" data-element_type=\"widget\" data-widget_type=\"heading.default\">\n\t\t\t\t<div class=\"elementor-widget-container\">\n\t\t\t<style>\/*! elementor - v3.15.0 - 20-08-2023 *\/\n.elementor-heading-title{padding:0;margin:0;line-height:1}.elementor-widget-heading .elementor-heading-title[class*=elementor-size-]>a{color:inherit;font-size:inherit;line-height:inherit}.elementor-widget-heading .elementor-heading-title.elementor-size-small{font-size:15px}.elementor-widget-heading .elementor-heading-title.elementor-size-medium{font-size:19px}.elementor-widget-heading .elementor-heading-title.elementor-size-large{font-size:29px}.elementor-widget-heading .elementor-heading-title.elementor-size-xl{font-size:39px}.elementor-widget-heading .elementor-heading-title.elementor-size-xxl{font-size:59px}<\/style><h2 class=\"elementor-heading-title elementor-size-default\">Ta\u00efga<\/h2>\t\t<\/div>\n\t\t\t\t<\/div>\n\t\t\t\t<div class=\"elementor-element elementor-element-a932844 elementor-widget elementor-widget-text-editor\" data-id=\"a932844\" data-element_type=\"widget\" data-widget_type=\"text-editor.default\">\n\t\t\t\t<div class=\"elementor-widget-container\">\n\t\t\t<style>\/*! elementor - v3.15.0 - 20-08-2023 *\/\n.elementor-widget-text-editor.elementor-drop-cap-view-stacked .elementor-drop-cap{background-color:#69727d;color:#fff}.elementor-widget-text-editor.elementor-drop-cap-view-framed .elementor-drop-cap{color:#69727d;border:3px solid;background-color:transparent}.elementor-widget-text-editor:not(.elementor-drop-cap-view-default) .elementor-drop-cap{margin-top:8px}.elementor-widget-text-editor:not(.elementor-drop-cap-view-default) .elementor-drop-cap-letter{width:1em;height:1em}.elementor-widget-text-editor .elementor-drop-cap{float:left;text-align:center;line-height:1;font-size:50px}.elementor-widget-text-editor .elementor-drop-cap-letter{display:inline-block}<\/style>\t\t\t\t<p>Une qu\u00eate aux origines des aurores bor\u00e9ales et du <br \/>myst\u00e9rieux \u00ab Renard de feu\u00a0\u00bb.<br \/>Un illustrateur parisien est envoy\u00e9 en exp\u00e9dition dans le <br \/>Grand Nord inconnu.<br \/>Commence alors un voyage po\u00e9tique au c\u0153ur de la for\u00eat <br \/>laponne, une aventure magique dans la nuit polaire&#8230;<br \/>Depuis le train, il voit les paysages urbains laisser peu \u00e0 <br \/>peu place aux arbres, jusqu\u2019\u00e0 ce que l\u2019horizon ne soit plus <br \/>qu\u2019une mer de cimes d\u2019arbres, jusqu\u2019\u00e0 ce que l\u2019on s\u2019y perde <br \/>soi-m\u00eame&#8230;<br \/>Spectacle m\u00ealant th\u00e9\u00e2tre &amp; peinture en direct<\/p><div><div>\u00a0<\/div><div>Ta\u00efga trouve son inspiration dans les l\u00e9gendes nordiques et dans la culture \u00ab Sami \u00bb, du nom du dernier peuple autochtone du nord de l\u2019Europe. Au XIX\u00e8me si\u00e8cle, Alphonse, jeune dessinateur, est envoy\u00e9 en reportage dans le Grand Nord par son journal pour illustrer le ph\u00e9nom\u00e8ne des aurores bor\u00e9ales. Durant son voyage, il d\u00e9couvre les croyances li\u00e9es \u00e0 cet \u00e9trange ph\u00e9nom\u00e8ne.<\/div><\/div>\t\t\t\t\t\t<\/div>\n\t\t\t\t<\/div>\n\t\t\t\t<div class=\"elementor-element elementor-element-cdf1288 elementor-align-center elementor-widget elementor-widget-button\" data-id=\"cdf1288\" data-element_type=\"widget\" data-widget_type=\"button.default\">\n\t\t\t\t<div class=\"elementor-widget-container\">\n\t\t\t\t\t<div class=\"elementor-button-wrapper\">\n\t\t\t<a class=\"elementor-button elementor-button-link elementor-size-lg elementor-animation-grow\" href=\"https:\/\/theatredescinqjardins.fr\/index.php\/contact\/\">\n\t\t\t\t\t\t<span class=\"elementor-button-content-wrapper\">\n\t\t\t\t\t\t<span class=\"elementor-button-text\">Contact<\/span>\n\t\t<\/span>\n\t\t\t\t\t<\/a>\n\t\t<\/div>\n\t\t\t\t<\/div>\n\t\t\t\t<\/div>\n\t\t\t\t\t<\/div>\n\t\t<\/div>\n\t\t\t\t\t\t\t<\/div>\n\t\t<\/section>\n\t\t\t\t<section class=\"elementor-section elementor-top-section elementor-element elementor-element-b7165a6 elementor-section-boxed elementor-section-height-default elementor-section-height-default elementor-invisible\" data-id=\"b7165a6\" data-element_type=\"section\" data-settings=\"{&quot;animation&quot;:&quot;fadeInUp&quot;}\">\n\t\t\t\t\t\t<div class=\"elementor-container elementor-column-gap-default\">\n\t\t\t\t\t<div class=\"elementor-column elementor-col-100 elementor-top-column elementor-element elementor-element-f81b59d\" data-id=\"f81b59d\" data-element_type=\"column\">\n\t\t\t<div class=\"elementor-widget-wrap elementor-element-populated\">\n\t\t\t\t\t\t\t\t<div class=\"elementor-element elementor-element-f8be833 elementor-widget elementor-widget-text-editor\" data-id=\"f8be833\" data-element_type=\"widget\" data-widget_type=\"text-editor.default\">\n\t\t\t\t<div class=\"elementor-widget-container\">\n\t\t\t\t\t\t\t<p>Une fois dans la nuit polaire, les aurores bor\u00e9ales apparaissent et, avec elles, un monde magique se met en place : le ciel prend vie, les esprits de la for\u00eat apparaissent, les animaux se mettent \u00e0 parler\u2026 Au cours d\u2019une rencontre avec l\u2019un d\u2019eux, Alphonse se retrouve coinc\u00e9 dans un arbre et, peu \u00e0 peu, fait corps avec celui-ci, se transforme jusqu\u2019\u00e0 ce qu\u2019ils ne soient plus qu\u2019un et que lui-m\u00eame fasse partie de ce grand tout qu\u2019est la Ta\u00efga. Inspir\u00e9 des l\u00e9gendes nordiques, m\u00ealant \u00e0 la fois le conte, les marionnettes et la peinture et dans une ambiance empreinte de po\u00e9sie, ce spectacle est une qu\u00eate spirituelle prenant place dans un voyage vers l\u2019inconnu. Les \u00e9motions du personnage se trouvent chamboul\u00e9es par les rencontres, une nouvelle fa\u00e7on de penser le monde et le lien unique avec la nature, et les \u00e9preuves auxquelles il est confront\u00e9. Peu \u00e0 peu, sa vision va changer, il va \u00e9voluer et d\u00e9couvrir une nouvelle fa\u00e7on de concevoir l\u2019univers qui l\u2019entoure, le d\u00e9sir d\u2019ouvrir son propre horizon et prendre conscience de l\u2019environnement et du n\u00e9cessaire \u00e9quilibre de la nature<\/p>\t\t\t\t\t\t<\/div>\n\t\t\t\t<\/div>\n\t\t\t\t<div class=\"elementor-element elementor-element-7cadecf elementor-widget elementor-widget-heading\" data-id=\"7cadecf\" data-element_type=\"widget\" data-widget_type=\"heading.default\">\n\t\t\t\t<div class=\"elementor-widget-container\">\n\t\t\t<h2 class=\"elementor-heading-title elementor-size-default\"><strong><em>DISTRIBUTION :<\/em><\/strong><\/span><\/h2>\t\t<\/div>\n\t\t\t\t<\/div>\n\t\t\t\t<div class=\"elementor-element elementor-element-9254ff7 elementor-widget elementor-widget-heading\" data-id=\"9254ff7\" data-element_type=\"widget\" data-widget_type=\"heading.default\">\n\t\t\t\t<div class=\"elementor-widget-container\">\n\t\t\t<h2 class=\"elementor-heading-title elementor-size-default\">\u00c9criture, mise en sc\u00e8ne et interpr\u00e9tation : Fr\u00e9d\u00e9ric Claude <br>\nPeinture et interpr\u00e9tation : Eela Laitinen <br>\nCr\u00e9ation : Kettu<br>\nProduction : Th\u00e9\u00e2tre des 5 Jardins<\/h2>\t\t<\/div>\n\t\t\t\t<\/div>\n\t\t\t\t\t<\/div>\n\t\t<\/div>\n\t\t\t\t\t\t\t<\/div>\n\t\t<\/section>\n\t\t\t\t\t\t\t<\/div>\n\t\t","protected":false},"excerpt":{"rendered":"<p>Ta\u00efga Une qu\u00eate aux origines des aurores bor\u00e9ales et du myst\u00e9rieux \u00ab Renard de feu\u00a0\u00bb.Un illustrateur parisien est envoy\u00e9 en exp\u00e9dition dans le&#8230;<\/p>\n","protected":false},"author":1,"featured_media":0,"parent":0,"menu_order":0,"comment_status":"closed","ping_status":"closed","template":"elementor_canvas","meta":{"footnotes":""},"class_list":["post-2146","page","type-page","status-publish","hentry"],"_links":{"self":[{"href":"https:\/\/theatredescinqjardins.fr\/index.php\/wp-json\/wp\/v2\/pages\/2146","targetHints":{"allow":["GET"]}}],"collection":[{"href":"https:\/\/theatredescinqjardins.fr\/index.php\/wp-json\/wp\/v2\/pages"}],"about":[{"href":"https:\/\/theatredescinqjardins.fr\/index.php\/wp-json\/wp\/v2\/types\/page"}],"author":[{"embeddable":true,"href":"https:\/\/theatredescinqjardins.fr\/index.php\/wp-json\/wp\/v2\/users\/1"}],"replies":[{"embeddable":true,"href":"https:\/\/theatredescinqjardins.fr\/index.php\/wp-json\/wp\/v2\/comments?post=2146"}],"version-history":[{"count":7,"href":"https:\/\/theatredescinqjardins.fr\/index.php\/wp-json\/wp\/v2\/pages\/2146\/revisions"}],"predecessor-version":[{"id":2156,"href":"https:\/\/theatredescinqjardins.fr\/index.php\/wp-json\/wp\/v2\/pages\/2146\/revisions\/2156"}],"wp:attachment":[{"href":"https:\/\/theatredescinqjardins.fr\/index.php\/wp-json\/wp\/v2\/media?parent=2146"}],"curies":[{"name":"wp","href":"https:\/\/api.w.org\/{rel}","templated":true}]}}